{"id":542,"date":"2023-04-24T16:59:57","date_gmt":"2023-04-24T14:59:57","guid":{"rendered":"https:\/\/dev.brassweek.ch\/?page_id=542"},"modified":"2023-04-30T11:52:49","modified_gmt":"2023-04-30T09:52:49","slug":"imprint","status":"publish","type":"page","link":"https:\/\/brassweek.com\/en\/imprint\/","title":{"rendered":"Imprint"},"content":{"rendered":"<p>[et_pb_section fb_built=&#8221;1&#8243; admin_label=&#8221;Seitentitel&#8221; _builder_version=&#8221;4.20.4&#8243; _module_preset=&#8221;default&#8221; background_image=&#8221;https:\/\/brassweek.com\/wp-content\/uploads\/2023\/04\/headpic23-01.jpg&#8221; background_position=&#8221;top_center&#8221; global_colors_info=&#8221;{}&#8221;][et_pb_row _builder_version=&#8221;4.20.4&#8243; _module_preset=&#8221;default&#8221; global_colors_info=&#8221;{}&#8221;][et_pb_column type=&#8221;4_4&#8243; _builder_version=&#8221;4.20.4&#8243; _module_preset=&#8221;default&#8221; global_colors_info=&#8221;{}&#8221;][et_pb_text _builder_version=&#8221;4.20.4&#8243; _module_preset=&#8221;default&#8221; global_colors_info=&#8221;{}&#8221;]<\/p>\n<h1 style=\"text-align: center;\"><span style=\"color: #ffffff;\">Impressum<\/span><\/h1>\n<p>[\/et_pb_text][\/et_pb_column][\/et_pb_row][\/et_pb_section][et_pb_section fb_built=&#8221;1&#8243; _builder_version=&#8221;4.20.4&#8243; _module_preset=&#8221;default&#8221; global_colors_info=&#8221;{}&#8221;][et_pb_row _builder_version=&#8221;4.20.4&#8243; _module_preset=&#8221;default&#8221; global_colors_info=&#8221;{}&#8221;][et_pb_column type=&#8221;4_4&#8243; _builder_version=&#8221;4.20.4&#8243; _module_preset=&#8221;default&#8221; global_colors_info=&#8221;{}&#8221;][et_pb_text _builder_version=&#8221;4.21.0&#8243; _module_preset=&#8221;default&#8221; hover_enabled=&#8221;0&#8243; global_colors_info=&#8221;{}&#8221; sticky_enabled=&#8221;0&#8243;]<\/p>\n<div class=\"output\">\n<p><b>Responsible entity:<\/b><br \/>Brassweek Samedan c\/o Marion Barandun<br \/>Promulins 3<br \/>7503 Samedan<br \/>Switzerland<br \/>E-Mail: <a href=\"mailto:info@brassweek.com\">info@brassweek.com<\/a><\/p>\n<p><strong>Persons<\/strong><br \/>Marion Barandun<br \/>Promulins 3<br \/>7503 Samedan<br \/>Switzerland<\/p>\n<p><strong>Club Name:<\/strong> Brassweek Samedan<\/p>\n<p><strong>Website creator:<br \/><\/strong>Ueli Schmalz<br \/><a href=\"https:\/\/uelischmalz.ch\/\">https:\/\/uelischmalz.ch\/<\/a><br \/><a href=\"mailto:info@uelischmalz.ch\">info@uelischmalz.ch<\/a><\/p>\n<p><strong>Disclaimer<\/strong><br \/>The author assumes no liability for the correctness, accuracy, timeliness, reliability and completeness of the information.<br \/>Liability claims against the author for material or immaterial damage resulting from access to, use or non-use of the published information, from misuse of the connection or from technical malfunctions are excluded.<\/p>\n<p>All offers are non-binding. The author expressly reserves the right to change, add to, or delete parts of the pages or the entire offer without prior notice, or to temporarily or permanently cease publication.<\/p>\n<p><strong>Disclaimer for content and links<\/strong><br \/>References and links to third party websites are outside our area of responsibility. It rejected any responsibility for such websites. Access to and use of such websites is at the user&#8217;s own risk.<\/p>\n<p><strong>Copyright declaration<\/strong><br \/>The copyrights and all other rights to content, images, photos or other files on this website belong exclusively to Brassweek Samedan or the specifically named rights holders. The written consent of the copyright holder must be obtained in advance for the reproduction of any elements.<\/p>\n<p><strong>Source<\/strong>: <a style=\"color: inherit; text-decoration: none;\" rel=\"nofollow\" href=\"https:\/\/brainbox.swiss\/\">BrainBox Solutions<\/a><\/p>\n<\/div>\n<p>[\/et_pb_text][\/et_pb_column][\/et_pb_row][\/et_pb_section]<\/p>\n","protected":false},"excerpt":{"rendered":"<p>Impressum Responsible entity:Brassweek Samedan c\/o Marion BarandunPromulins 37503 SamedanSwitzerlandE-Mail: info@brassweek.com PersonsMarion BarandunPromulins 37503 SamedanSwitzerland Club Name: Brassweek Samedan Website creator:Ueli Schmalzhttps:\/\/uelischmalz.ch\/info@uelischmalz.ch DisclaimerThe author assumes no liability for the correctness, accuracy, timeliness, reliability and completeness of the information.Liability claims against the author for material or immaterial damage resulting from access to, use or non-use of the [&hellip;]<\/p>\n","protected":false},"author":1,"featured_media":0,"parent":0,"menu_order":0,"comment_status":"closed","ping_status":"closed","template":"","meta":{"_et_pb_use_builder":"on","_et_pb_old_content":"[et_pb_section fb_built=\"1\" admin_label=\"Seitentitel\" _builder_version=\"4.20.4\" _module_preset=\"default\" background_image=\"https:\/\/brassweek.com\/wp-content\/uploads\/2023\/04\/headpic23-01.jpg\" background_position=\"top_center\" global_colors_info=\"{}\" theme_builder_area=\"post_content\"][et_pb_row _builder_version=\"4.20.4\" _module_preset=\"default\" global_colors_info=\"{}\" theme_builder_area=\"post_content\"][et_pb_column type=\"4_4\" _builder_version=\"4.20.4\" _module_preset=\"default\" global_colors_info=\"{}\" theme_builder_area=\"post_content\"][et_pb_text _builder_version=\"4.20.4\" _module_preset=\"default\" hover_enabled=\"0\" global_colors_info=\"{}\" theme_builder_area=\"post_content\" sticky_enabled=\"0\"]\n<h1 style=\"text-align: center;\"><span style=\"color: #ffffff;\">Impressum<\/span><\/h1>\n[\/et_pb_text][\/et_pb_column][\/et_pb_row][\/et_pb_section][et_pb_section fb_built=\"1\" theme_builder_area=\"post_content\" _builder_version=\"4.20.4\" _module_preset=\"default\"][et_pb_row _builder_version=\"4.20.4\" _module_preset=\"default\" theme_builder_area=\"post_content\"][et_pb_column _builder_version=\"4.20.4\" _module_preset=\"default\" type=\"4_4\" theme_builder_area=\"post_content\"][et_pb_text _builder_version=\"4.20.4\" _module_preset=\"default\" theme_builder_area=\"post_content\" hover_enabled=\"0\" sticky_enabled=\"0\"]\n<div class=\"output\">\n\n<b>Verantwortliche Instanz:<\/b>\nBrassweek Samedan c\/o Marion Barandun\nPromulins 3\nCH-7503 Samedan\nSchweiz\nE-Mail: info@brassweek.com\n\n<strong>Vertretungsberechtigte Personen<\/strong>\nMarion Barandun\nPromulins 3\nCH-7503 Samedan\n\n<strong>Name des Vereins<\/strong>: Brassweek Samedan\n\n<strong>Umsetzung der Webseite:\n<\/strong>Ueli Schmalz\n<a href=\"https:\/\/uelischmalz.ch\/\">https:\/\/uelischmalz.ch\/<\/a>\n<a href=\"mailto:info@uelischmalz.ch\">info@uelischmalz.ch<\/a>\n\n<strong>Haftungsausschluss<\/strong>\nDer Autor \u00fcbernimmt keine Gew\u00e4hr f\u00fcr die Richtigkeit, Genauigkeit, Aktualit\u00e4t, Zuverl\u00e4ssigkeit und Vollst\u00e4ndigkeit der Informationen.\nHaftungsanspr\u00fcche gegen den Autor wegen Sch\u00e4den materieller oder immaterieller Art, die aus dem Zugriff oder der Nutzung bzw. Nichtnutzung der ver\u00f6ffentlichten Informationen, durch Missbrauch der Verbindung oder durch technische St\u00f6rungen entstanden sind, werden ausgeschlossen.\n\nAlle Angebote sind freibleibend. Der Autor beh\u00e4lt es sich ausdr\u00fccklich vor, Teile der Seiten oder das gesamte Angebot ohne gesonderte Ank\u00fcndigung zu ver\u00e4ndern, zu erg\u00e4nzen, zu l\u00f6schen oder die Ver\u00f6ffentlichung zeitweise oder endg\u00fcltig einzustellen.\n\n<strong>Haftungsausschluss f\u00fcr Inhalte und Links<\/strong>\nVerweise und Links auf Webseiten Dritter liegen ausserhalb unseres Verantwortungsbereichs. Es wird jegliche Verantwortung f\u00fcr solche Webseiten abgelehnt. Der Zugriff und die Nutzung solcher Webseiten erfolgen auf eigene Gefahr des jeweiligen Nutzers.\n\n<strong>Urheberrechtserkl\u00e4rung<\/strong>\nDie Urheber- und alle anderen Rechte an Inhalten, Bildern, Fotos oder anderen Dateien auf dieser Website, geh\u00f6ren ausschliesslich Brassweek Samedan oder den speziell genannten Rechteinhabern. F\u00fcr die Reproduktion jeglicher Elemente ist die schriftliche Zustimmung des Urheberrechtstr\u00e4gers im Voraus einzuholen.\n\n<strong>Quelle<\/strong>: <a style=\"color: inherit; text-decoration: none;\" rel=\"nofollow\" href=\"https:\/\/brainbox.swiss\/\">BrainBox Solutions<\/a>\n\n<\/div>\n[\/et_pb_text][\/et_pb_column][\/et_pb_row][\/et_pb_section]","_et_gb_content_width":"","footnotes":""},"class_list":["post-542","page","type-page","status-publish","hentry"],"_links":{"self":[{"href":"https:\/\/brassweek.com\/en\/wp-json\/wp\/v2\/pages\/542","targetHints":{"allow":["GET"]}}],"collection":[{"href":"https:\/\/brassweek.com\/en\/wp-json\/wp\/v2\/pages"}],"about":[{"href":"https:\/\/brassweek.com\/en\/wp-json\/wp\/v2\/types\/page"}],"author":[{"embeddable":true,"href":"https:\/\/brassweek.com\/en\/wp-json\/wp\/v2\/users\/1"}],"replies":[{"embeddable":true,"href":"https:\/\/brassweek.com\/en\/wp-json\/wp\/v2\/comments?post=542"}],"version-history":[{"count":8,"href":"https:\/\/brassweek.com\/en\/wp-json\/wp\/v2\/pages\/542\/revisions"}],"predecessor-version":[{"id":962,"href":"https:\/\/brassweek.com\/en\/wp-json\/wp\/v2\/pages\/542\/revisions\/962"}],"wp:attachment":[{"href":"https:\/\/brassweek.com\/en\/wp-json\/wp\/v2\/media?parent=542"}],"curies":[{"name":"wp","href":"https:\/\/api.w.org\/{rel}","templated":true}]}}